{"id":777,"date":"2022-06-14T14:19:23","date_gmt":"2022-06-14T12:19:23","guid":{"rendered":"https:\/\/www.atreutte.at\/?page_id=777"},"modified":"2022-07-26T18:38:17","modified_gmt":"2022-07-26T16:38:17","slug":"jobs-bei-der-at-reutte-steuerberatungs-gmbh","status":"publish","type":"page","link":"https:\/\/www.atreutte.at\/?page_id=777","title":{"rendered":"Jobs bei der at reutte Steuerberatungs GmbH"},"content":{"rendered":"\n<p>Als stetig wachsendes Unternehmen sind wir in der gl\u00fccklichen Situation, dass laufend neue Kunden mit der at reutte Steuerberatungs GmbH zusammen arbeiten m\u00f6chten. Um die damit verbundenen Arbeiten auch in Zukunft erfolgreich erledigen zu k\u00f6nnen sind wir <strong>regelm\u00e4\u00dfig auf der Suche nach Mitarbeiter:innen<\/strong>, welche mit uns gemeinsam qualitativ hochwertige Leistungen an unsere Kunden erbringen wollen. <\/p>\n\n\n\n<p>Bei der Zusammenarbeit legen wir gro\u00dfen Wert auf die Aus- und Weiterbildung unserer Mitarbeiter:innen und ein teamorientiertes Miteinander. Gegenseitige Hilfestellung und Unterst\u00fctzung durch erfahrene Mitarbeiter bilden dabei die Basis. <\/p>\n\n\n\n<p>Unsere Mitarbeiter:innen arbeiten im Rahmen von geringf\u00fcgigen Besch\u00e4ftigungen, Teil- oder Vollzeitanstellungen. Dabei haben alle eine flexible Arbeitszeitgestaltung, weshalb sich die Arbeit bei Bedarf auch mit Studium oder Familie vereinbaren l\u00e4sst. <\/p>\n\n\n\n<blockquote class=\"wp-block-quote is-layout-flow wp-block-quote-is-layout-flow\"><p>Gerne nehmen wir <strong>Initiativbewerbungen<\/strong> oder Bewerbungen auf aktuelle Jobangebote entgegen.     <\/p><\/blockquote>\n\n\n\n<p>Bewerbungen werden gerne per E-Mail an office@atreutte.at entgegengenommen.&nbsp;<\/p>\n\n\n\n<div id=\"href=&quot;mailto:office@atinn.at&quot;\" class=\"wp-block-buttons is-horizontal is-content-justification-left is-layout-flex wp-container-core-buttons-is-layout-7e5fce0a wp-block-buttons-is-layout-flex\">\n<div class=\"wp-block-button has-custom-font-size is-style-fill\" style=\"font-size:15px\"><a class=\"wp-block-button__link has-background\" href=\"mailto:office@atreutte.at\" style=\"background-color:#19d71e\">jetzt bewerben<href=\"mailto:office@atreutte.at\"><\/href=\"mailto:office@atreutte.at\"><\/a><\/div>\n<\/div>\n\n\n\n<div style=\"height:35px\" aria-hidden=\"true\" class=\"wp-block-spacer\"><\/div>\n\n\n\n<h2 class=\"wp-block-heading\"><strong>aktuelle Jobangebote<\/strong><\/h2>\n\n\n<ul class=\"wp-block-latest-posts__list wp-block-latest-posts\"><li><div class=\"wp-block-latest-posts__featured-image alignright\"><a href=\"https:\/\/www.atreutte.at\/?p=780\" aria-label=\"Bilanzbuchhalter:in\"><img loading=\"lazy\" decoding=\"async\" width=\"790\" height=\"444\" src=\"https:\/\/www.atreutte.at\/wp-content\/uploads\/2017\/02\/IMG_1697-1024x576.png\" class=\"attachment-large size-large wp-post-image\" alt=\"\" style=\"max-width:256px;max-height:256px;\" srcset=\"https:\/\/www.atreutte.at\/wp-content\/uploads\/2017\/02\/IMG_1697-1024x576.png 1024w, https:\/\/www.atreutte.at\/wp-content\/uploads\/2017\/02\/IMG_1697-300x169.png 300w, https:\/\/www.atreutte.at\/wp-content\/uploads\/2017\/02\/IMG_1697-768x432.png 768w, https:\/\/www.atreutte.at\/wp-content\/uploads\/2017\/02\/IMG_1697.png 1334w\" sizes=\"auto, (max-width: 790px) 100vw, 790px\" \/><\/a><\/div><a class=\"wp-block-latest-posts__post-title\" href=\"https:\/\/www.atreutte.at\/?p=780\">Bilanzbuchhalter:in<\/a><div class=\"wp-block-latest-posts__post-excerpt\">Zur Verst\u00e4rkung unseres Teams suchen wir einen\/eine Bilanzbuchhalter:in mit Interesse und Begeisterungsf\u00e4higkeit f\u00fcr innovative Ans\u00e4tze.&nbsp; In einem abwechslungsreichen Job erwartet dich ein digitaler und modern eingerichteter Arbeitsplatz mit Homeofficem\u00f6glichkeiten. Gewinne Einblicke in unterschiedliche Unternehmen und Branchen und genie\u00dfe laufende Fortbildungen. Freu dich auf ein flexibles Arbeitsumfeld mit flexiblen Arbeitszeiten ein&#8230;<\/div><\/li>\n<\/ul>\n\n\n<p><\/p>\n\n\n\n<p><\/p>\n\n\n\n<p><\/p>\n\n\n\n<p><\/p>\n\n\n\n<p><\/p>\n","protected":false},"excerpt":{"rendered":"<p>Als stetig wachsendes Unternehmen sind wir in der gl\u00fccklichen Situation, dass laufend neue Kunden mit der at reutte Steuerberatungs GmbH zusammen arbeiten m\u00f6chten. Um die damit verbundenen Arbeiten auch in Zukunft erfolgreich erledigen zu k\u00f6nnen sind wir regelm\u00e4\u00dfig auf der Suche nach Mitarbeiter:innen, welche mit uns gemeinsam qualitativ hochwertige Leistungen&#8230;<\/p>\n","protected":false},"author":1,"featured_media":0,"parent":0,"menu_order":0,"comment_status":"closed","ping_status":"closed","template":"","meta":{"footnotes":""},"class_list":["post-777","page","type-page","status-publish","hentry"],"aioseo_notices":[],"_links":{"self":[{"href":"https:\/\/www.atreutte.at\/index.php?rest_route=\/wp\/v2\/pages\/777","targetHints":{"allow":["GET"]}}],"collection":[{"href":"https:\/\/www.atreutte.at\/index.php?rest_route=\/wp\/v2\/pages"}],"about":[{"href":"https:\/\/www.atreutte.at\/index.php?rest_route=\/wp\/v2\/types\/page"}],"author":[{"embeddable":true,"href":"https:\/\/www.atreutte.at\/index.php?rest_route=\/wp\/v2\/users\/1"}],"replies":[{"embeddable":true,"href":"https:\/\/www.atreutte.at\/index.php?rest_route=%2Fwp%2Fv2%2Fcomments&post=777"}],"version-history":[{"count":14,"href":"https:\/\/www.atreutte.at\/index.php?rest_route=\/wp\/v2\/pages\/777\/revisions"}],"predecessor-version":[{"id":847,"href":"https:\/\/www.atreutte.at\/index.php?rest_route=\/wp\/v2\/pages\/777\/revisions\/847"}],"wp:attachment":[{"href":"https:\/\/www.atreutte.at\/index.php?rest_route=%2Fwp%2Fv2%2Fmedia&parent=777"}],"curies":[{"name":"wp","href":"https:\/\/api.w.org\/{rel}","templated":true}]}}